{"id":44,"date":"2022-06-28T08:07:40","date_gmt":"2022-06-28T08:07:40","guid":{"rendered":"https:\/\/1340.preview.webhotel24.se\/?page_id=44"},"modified":"2025-04-02T09:11:06","modified_gmt":"2025-04-02T08:11:06","slug":"44-2","status":"publish","type":"page","link":"https:\/\/hagenstomt.se\/","title":{"rendered":"Startsida"},"content":{"rendered":"\n<div class=\"wp-block-columns\">\n<div class=\"wp-block-column\" style=\"flex-basis:100%\">\n<div class=\"wp-block-columns are-vertically-aligned-top\">\n<div class=\"wp-block-column is-vertically-aligned-top\" style=\"flex-basis:80%\">\n<h1 class=\"has-text-align-center\">Hagens tomt\u00e4garf\u00f6rening<\/h1>\n\n\n\n<p class=\"has-text-align-left\" style=\"font-size:18px\">V\u00e4lkommen till v\u00e5r hemsida som \u00e4r till f\u00f6r f\u00f6reningens medlemmar. F\u00f6r att f\u00e5 tillg\u00e5ng till allt inneh\u00e5ll beh\u00f6ver du logga in. Har du gl\u00f6mt l\u00f6senordet kan du kontakta sekreteraren eller webbansvarig<\/p>\n\n\n\n<hr class=\"wp-block-separator is-style-wide\"\/>\n\n\n\n<h2 class=\"has-text-align-center has-vivid-red-color has-text-color\">HJ\u00c4RTSTARTARE<\/h2>\n\n\n\n<div class=\"wp-block-image\"><figure class=\"aligncenter size-full is-resized\"><img loading=\"lazy\" src=\"https:\/\/hagenstomt.se\/wp-content\/uploads\/2022\/07\/Hjartstartare.png\" alt=\"\" class=\"wp-image-358\" width=\"-40\" height=\"-20\" srcset=\"https:\/\/hagenstomt.se\/wp-content\/uploads\/2022\/07\/Hjartstartare.png 571w, https:\/\/hagenstomt.se\/wp-content\/uploads\/2022\/07\/Hjartstartare-300x93.png 300w\" sizes=\"(max-width: 571px) 100vw, 571px\" \/><\/figure><\/div>\n\n\n\n<p class=\"has-text-align-center\">Det finns en hj\u00e4rtstartare i bastuhuset vid badet. Nyckel till v\u00e4nster om d\u00f6rren.<\/p>\n\n\n\n<div style=\"height:40px\" aria-hidden=\"true\" class=\"wp-block-spacer\"><\/div>\n<\/div>\n\n\n\n<div class=\"wp-block-column\" style=\"flex-basis:50%\">\n<div class=\"wp-container-1 wp-block-group alignwide\"><div class=\"wp-block-group__inner-container\">\n<div class=\"wp-block-image\"><figure class=\"aligncenter size-full is-resized\"><img loading=\"lazy\" src=\"https:\/\/hagenstomt.se\/wp-content\/uploads\/2025\/04\/Hagen_60_a\u030ar.png\" alt=\"\" class=\"wp-image-903\" width=\"235\" height=\"193\"\/><\/figure><\/div>\n<\/div><\/div>\n\n\n\n<h5 class=\"has-text-align-center\"><strong>Hagens Tomt\u00e4garf\u00f6rening bildades 1965<\/strong><\/h5>\n\n\n\n<div style=\"height:40px\" aria-hidden=\"true\" class=\"wp-block-spacer\"><\/div>\n\n\n<ul class=\"wp-block-latest-posts__list has-dates wp-block-latest-posts\"><li><div class=\"wp-block-latest-posts__featured-image\"><img width=\"300\" height=\"184\" src=\"https:\/\/hagenstomt.se\/wp-content\/uploads\/2025\/07\/KRA\u0308FTFISKE-2025-1.jpg\" class=\"attachment-large size-large wp-post-image\" alt=\"\" loading=\"lazy\" style=\"\" \/><\/div><a href=\"https:\/\/hagenstomt.se\/?p=815\">Skyddad: Kr\u00e4ftfiske<\/a><time datetime=\"2025-07-08T13:09:00+01:00\" class=\"wp-block-latest-posts__post-date\">juli 8, 2025<\/time><div class=\"wp-block-latest-posts__post-excerpt\">Detta inneh\u00e5ll \u00e4r l\u00f6senordsskyddat.<\/div><\/li>\n<\/ul><\/div>\n<\/div>\n<\/div>\n<\/div>\n","protected":false},"excerpt":{"rendered":"<p>Hagens tomt\u00e4garf\u00f6rening V\u00e4lkommen till v\u00e5r hemsida som \u00e4r till f\u00f6r f\u00f6reningens medlemmar. F\u00f6r att f\u00e5 tillg\u00e5ng till allt inneh\u00e5ll beh\u00f6ver du logga in. Har du gl\u00f6mt l\u00f6senordet kan du kontakta sekreteraren eller webbansvarig HJ\u00c4RTSTARTARE Det finns en hj\u00e4rtstartare i bastuhuset vid badet. Nyckel till v\u00e4nster om d\u00f6rren.<\/p>\n","protected":false},"author":1,"featured_media":246,"parent":0,"menu_order":0,"comment_status":"closed","ping_status":"closed","template":"","meta":[],"_links":{"self":[{"href":"https:\/\/hagenstomt.se\/index.php?rest_route=\/wp\/v2\/pages\/44"}],"collection":[{"href":"https:\/\/hagenstomt.se\/index.php?rest_route=\/wp\/v2\/pages"}],"about":[{"href":"https:\/\/hagenstomt.se\/index.php?rest_route=\/wp\/v2\/types\/page"}],"author":[{"embeddable":true,"href":"https:\/\/hagenstomt.se\/index.php?rest_route=\/wp\/v2\/users\/1"}],"replies":[{"embeddable":true,"href":"https:\/\/hagenstomt.se\/index.php?rest_route=%2Fwp%2Fv2%2Fcomments&post=44"}],"version-history":[{"count":155,"href":"https:\/\/hagenstomt.se\/index.php?rest_route=\/wp\/v2\/pages\/44\/revisions"}],"predecessor-version":[{"id":905,"href":"https:\/\/hagenstomt.se\/index.php?rest_route=\/wp\/v2\/pages\/44\/revisions\/905"}],"wp:featuredmedia":[{"embeddable":true,"href":"https:\/\/hagenstomt.se\/index.php?rest_route=\/wp\/v2\/media\/246"}],"wp:attachment":[{"href":"https:\/\/hagenstomt.se\/index.php?rest_route=%2Fwp%2Fv2%2Fmedia&parent=44"}],"curies":[{"name":"wp","href":"https:\/\/api.w.org\/{rel}","templated":true}]}}